{"id":3544,"date":"2019-08-22T08:32:55","date_gmt":"2019-08-22T07:32:55","guid":{"rendered":"http:\/\/stopdisfagia.com\/?page_id=3544"},"modified":"2024-06-10T12:11:49","modified_gmt":"2024-06-10T11:11:49","slug":"equip","status":"publish","type":"page","link":"https:\/\/stopdisfagia.com\/ca\/equip\/","title":{"rendered":"Equip"},"content":{"rendered":"<h1>EQUIP<\/h1>\n<div>\n<h3>Logopedas titulades<\/h3>\n<\/div>\n<div>\n<h3>Sanit\u00e0ries en actiu<\/h3>\n<\/div>\n<p><img decoding=\"async\" src=\"\/wp-content\/uploads\/2024\/03\/bottom-grafico_03-1.svg\" alt=\"\"><\/p>\n<ul>\n<li>\n<p><img decoding=\"async\" src=\"\/wp-content\/uploads\/2024\/05\/alba_web_002-4.jpg\" alt=\"Alba Badell\"><\/p>\n<h3>Alba Badell<\/h3>\n<p>Logopeda <\/p>\n<p><a href=\"https:\/\/stopdisfagia.com\/ca\/equip\/alba-badell\/\"><\/a><\/p>\n<\/li>\n<li>\n<p><img decoding=\"async\" src=\"\/wp-content\/uploads\/2024\/05\/neus-web-12.jpg\" alt=\"Neus Mart\u00ed\"><\/p>\n<h3>Neus Mart\u00ed<\/h3>\n<p>Logopeda<\/p>\n<p><a href=\"https:\/\/stopdisfagia.com\/ca\/equip\/neus-marti\/\"><\/a><\/p>\n<\/li>\n<li>\n<p><img decoding=\"async\" src=\"\/wp-content\/uploads\/2024\/05\/albaolive.jpg\" alt=\"Alba Oliv\u00e9\"><\/p>\n<h3>Alba Oliv\u00e9<\/h3>\n<p>Logopeda<\/p>\n<p><a href=\"https:\/\/stopdisfagia.com\/ca\/equip\/alba-olive\/\"><\/a><\/p>\n<\/li>\n<li>\n<p><img decoding=\"async\" src=\"\/wp-content\/uploads\/2024\/05\/ivet_equipo-2.jpg\" alt=\"Ivet Clemente\"><\/p>\n<h3>Ivet Clemente<\/h3>\n<p>Logopeda<\/p>\n<p><a href=\"https:\/\/stopdisfagia.com\/ca\/equip\/ivet-clemente\/\"><\/a><\/p>\n<\/li>\n<\/ul>\n<p><img decoding=\"async\" src=\"\/wp-content\/uploads\/2024\/06\/otra-body.png\" alt=\"\"><br \/>\n<img decoding=\"async\" src=\"\/wp-content\/uploads\/2024\/03\/about-02.svg\" alt=\"\"><\/p>\n<h2>\n<div><span>&#8220;No hauriem de tenir por de que aquells que aprenguin de nosaltres siguin millors&#8221;<\/span><\/div>\n<\/h2>\n<div>\n<p>\u2014 Ivet Clemente, logopeda<\/p>\n<\/div>\n<p><img decoding=\"async\" src=\"\/wp-content\/uploads\/2024\/05\/Movil-casa.png\" alt=\"\"><\/p>\n<h2>Si tens dubtes sobre qualsevol aspecte dels nostres cursos, consulta les preguntes freq\u00fcents o escriu-nos<\/h2>\n<div>\n<p>Tus datos se usar\u00e1n \u00fanica y exclusivamente para el tratamiento de tu solicitud, proponi\u00e9ndote una cita telef\u00f3nica <\/p>\n<\/div>\n<div>\n<p class=\"wpcf7-contact-form-not-found\"><strong>Error:<\/strong> No s&#039;ha trobat el formulari de contacte.<\/p><\/div>\n<div>\n<p class=\"wpcf7-contact-form-not-found\"><strong>Error:<\/strong> No s&#039;ha trobat el formulari de contacte.<\/p><\/div>\n<p><!--more--><br \/>\n<!-- {\"type\":\"layout\",\"children\":[{\"type\":\"section\",\"props\":{\"animation\":\"fade\",\"animation_delay\":false,\"divider_height\":\"120\",\"divider_layers_gap\":\"5\",\"divider_layers_opacity\":\"0.5\",\"divider_position\":\"top\",\"divider_responsive\":true,\"divider_shadow_blur_radius\":\"5\",\"divider_shadow_color\":\"#00000080\",\"divider_shadow_offset_x\":\"0\",\"divider_shadow_offset_y\":\"5\",\"divider_width\":\"100\",\"header_transparent\":true,\"header_transparent_text_color\":\"dark\",\"image_effect\":\"parallax\",\"image_parallax_bgy\":\"0,-600\",\"image_parallax_easing\":\"1\",\"image_position\":\"top-right\",\"padding\":\"large\",\"padding_custom_bottom\":\"70\",\"padding_custom_top\":\"70\",\"padding_remove_bottom\":true,\"style\":\"muted\",\"style_custom_color\":\"#ccc\",\"title_breakpoint\":\"xl\",\"title_position\":\"top-left\",\"title_rotation\":\"left\",\"vertical_align\":\"middle\",\"width\":\"default\"},\"children\":[{\"type\":\"row\",\"props\":{\"layout\":\"3-4,1-4\",\"margin\":\"xlarge\",\"margin_remove_bottom\":true},\"children\":[{\"type\":\"column\",\"props\":{\"image_position\":\"center-center\",\"position_sticky_breakpoint\":\"m\",\"width_small\":\"3-4\",\"widths\":[\"1-1\"]},\"children\":[{\"type\":\"headline\",\"props\":{\"content\":\"EQUIP\",\"margin\":\"small\",\"margin_remove_bottom\":false,\"position\":\"relative\",\"position_z_index\":\"3\",\"title_decoration\":\"bullet\",\"title_element\":\"h1\",\"title_font_family\":\"secondary\",\"title_style\":\"h5\"}},{\"type\":\"hd-flipcard\",\"props\":{\"3d_effect\":true,\"content\":\"\",\"content_back\":\"\",\"content_back_column_breakpoint\":\"m\",\"content_column_breakpoint\":\"m\",\"flip_animation\":\"up\",\"flip_mode\":\"hover\",\"flip_mode_touch\":\"tap\",\"icon_back_width\":80,\"icon_width\":80,\"image_align\":\"top\",\"image_back_align\":\"top\",\"image_back_grid_breakpoint\":\"m\",\"image_back_grid_width\":\"1-2\",\"image_back_svg_color\":\"emphasis\",\"image_grid_breakpoint\":\"m\",\"image_grid_width\":\"1-2\",\"image_svg_color\":\"emphasis\",\"link_back_size\":\"large\",\"link_back_style\":\"primary\",\"link_back_text\":\"\",\"link_style\":\"default\",\"link_text\":\"\",\"margin\":\"medium\",\"margin_remove_top\":true,\"meta_align\":\"below-title\",\"meta_back_align\":\"below-title\",\"meta_back_element\":\"div\",\"meta_back_style\":\"text-meta\",\"meta_element\":\"div\",\"meta_style\":\"text-meta\",\"title\":\"Logopedas titulades\",\"title_align\":\"top\",\"title_back\":\"Sanit\\u00e0ries en actiu\",\"title_back_align\":\"top\",\"title_back_element\":\"h3\",\"title_back_grid_breakpoint\":\"m\",\"title_back_grid_width\":\"1-2\",\"title_back_hover_style\":\"reset\",\"title_back_style\":\"heading-small\",\"title_color\":\"background\",\"title_element\":\"h3\",\"title_grid_breakpoint\":\"m\",\"title_grid_width\":\"1-2\",\"title_style\":\"heading-small\"}},{\"type\":\"headline\",\"props\":{\"content\":\"Capacitaci\\u00f3n para la detecci\\u00f3n y el tratamiento de la Disfagia\",\"margin_remove_top\":true,\"position\":\"relative\",\"position_z_index\":\"3\",\"status\":\"disabled\",\"title_element\":\"h1\",\"title_style\":\"heading-small\"}}]},{\"type\":\"column\",\"props\":{\"image_position\":\"center-center\",\"position_sticky_breakpoint\":\"m\",\"width_small\":\"1-4\"},\"children\":[{\"type\":\"image\",\"props\":{\"animation\":\"parallax\",\"css\":\".el-image { max-width: 45vw; }\",\"image\":\"wp-content\\\/uploads\\\/2024\\\/03\\\/bottom-grafico_03-1.svg\",\"image_loading\":true,\"image_svg_color\":\"emphasis\",\"image_width\":960,\"margin\":\"default\",\"parallax_blur\":\",25 89%\",\"parallax_easing\":\"0.5\",\"parallax_y\":\"5vh,-7vh\",\"position\":\"absolute\",\"position_right\":\"-80\",\"position_top\":\"-10vh\",\"position_z_index\":\"0\",\"text_align\":\"right\"}}]}]},{\"type\":\"row\",\"children\":[{\"type\":\"column\",\"props\":{\"image_position\":\"center-center\",\"position_sticky_breakpoint\":\"m\"},\"children\":[{\"type\":\"grid\",\"props\":{\"content_column_breakpoint\":\"m\",\"filter_align\":\"left\",\"filter_all\":true,\"filter_grid_breakpoint\":\"m\",\"filter_grid_width\":\"auto\",\"filter_position\":\"top\",\"filter_style\":\"tab\",\"grid_column_gap\":\"small\",\"grid_default\":\"1\",\"grid_medium\":\"4\",\"grid_small\":\"2\",\"icon_width\":80,\"image_align\":\"top\",\"image_grid_breakpoint\":\"m\",\"image_grid_width\":\"1-2\",\"image_svg_color\":\"emphasis\",\"image_transition\":\"scale-down\",\"image_width\":\"610\",\"item_animation\":true,\"link_style\":\"default\",\"link_text\":\"\",\"margin\":\"default\",\"meta_align\":\"below-title\",\"meta_element\":\"div\",\"meta_margin\":\"small\",\"meta_style\":\"text-meta\",\"panel_image_no_padding\":true,\"panel_link\":true,\"panel_padding\":\"default\",\"panel_style\":\"card-default\",\"parallax_easing\":\"1\",\"show_content\":true,\"show_image\":true,\"show_link\":true,\"show_meta\":true,\"show_title\":true,\"title_align\":\"top\",\"title_element\":\"h3\",\"title_grid_breakpoint\":\"m\",\"title_grid_width\":\"1-2\",\"title_hover_style\":\"reset\",\"title_style\":\"h5\"},\"children\":[{\"type\":\"grid_item\",\"props\":{\"image\":\"wp-content\\\/uploads\\\/2024\\\/05\\\/alba_web_002-4.jpg\",\"image_alt\":\"Alba Badell\",\"link\":\"ca\\\/equip\\\/alba-badell\\\/\",\"meta\":\"Logopeda \",\"title\":\"Alba Badell\"}},{\"type\":\"grid_item\",\"props\":{\"image\":\"wp-content\\\/uploads\\\/2024\\\/05\\\/neus-web-12.jpg\",\"image_alt\":\"Neus Mart\\u00ed\",\"link\":\"ca\\\/equip\\\/neus-marti\\\/\",\"meta\":\"Logopeda\",\"title\":\"Neus Mart\\u00ed\"}},{\"type\":\"grid_item\",\"props\":{\"image\":\"wp-content\\\/uploads\\\/2024\\\/05\\\/albaolive.jpg\",\"image_alt\":\"Alba Oliv\\u00e9\",\"link\":\"ca\\\/equip\\\/alba-olive\\\/\",\"meta\":\"Logopeda\",\"title\":\"Alba Oliv\\u00e9\"}},{\"type\":\"grid_item\",\"props\":{\"image\":\"wp-content\\\/uploads\\\/2024\\\/05\\\/ivet_equipo-2.jpg\",\"image_alt\":\"Ivet Clemente\",\"link\":\"ca\\\/equip\\\/ivet-clemente\\\/\",\"meta\":\"Logopeda\",\"title\":\"Ivet Clemente\"}}],\"name\":\"000 Grid Cursos\"}]}]},{\"type\":\"row\",\"props\":{\"layout\":\"1-2,1-2\",\"margin\":\"xlarge\"},\"children\":[{\"type\":\"column\",\"props\":{\"image_position\":\"center-center\",\"position_sticky_breakpoint\":\"m\",\"width_medium\":\"1-2\",\"widths\":[\"2-3\"]},\"children\":[{\"type\":\"image\",\"props\":{\"animation\":\"parallax\",\"image\":\"wp-content\\\/uploads\\\/2024\\\/06\\\/otra-body.png\",\"image_border\":\"rounded\",\"image_loading\":true,\"image_svg_color\":\"emphasis\",\"image_width\":500,\"margin\":\"large\",\"parallax_easing\":\"1\",\"parallax_y\":\"-5vh,3vh\",\"position\":\"relative\",\"position_right\":\"90\",\"position_top\":\"2vh\",\"text_align\":\"center\",\"text_align_breakpoint\":\"m\",\"text_align_fallback\":\"right\"}},{\"type\":\"image\",\"props\":{\"animation\":\"parallax\",\"css\":\".el-image { max-width: 30vw; }\",\"image\":\"wp-content\\\/uploads\\\/2024\\\/03\\\/about-02.svg\",\"image_svg_color\":\"emphasis\",\"image_width\":240,\"margin\":\"default\",\"parallax_blur\":\",68 56%\",\"parallax_easing\":\"1\",\"parallax_y\":\"5vh,-5vh\",\"position\":\"absolute\",\"position_bottom\":\"6vh\",\"position_right\":\"34%\",\"text_align\":\"center\"}}]},{\"type\":\"column\",\"props\":{\"image_position\":\"center-center\",\"position_sticky_breakpoint\":\"m\",\"vertical_align\":\"middle\",\"width_medium\":\"1-2\",\"widths\":[\"1-3\"]},\"children\":[{\"type\":\"headline\",\"props\":{\"content\":\"\n\n<div><span>\\\"No hauriem de tenir por de que aquells que aprenguin de nosaltres siguin millors\\\"<\\\/span><\\\/div>\",\"maxwidth\":\"2xlarge\",\"title_element\":\"h2\",\"title_style\":\"h1\"}},{\"type\":\"text\",\"props\":{\"column_breakpoint\":\"m\",\"content\":\"\n\n<p>\\u2014 Ivet Clemente, logopeda<\\\/p>\",\"margin\":\"medium\"}}]}]}],\"name\":\"cabecera\"},{\"type\":\"section\",\"props\":{\"animation\":\"slide-bottom-small\",\"divider_color\":\"#F6F5F3\",\"divider_color_inherit_section\":true,\"divider_flip\":true,\"divider_height\":\"120\",\"divider_invert\":false,\"divider_layers_gap\":\"5\",\"divider_layers_opacity\":\"0.5\",\"divider_position\":\"top-outside\",\"divider_responsive\":true,\"divider_shadow_blur_radius\":\"5\",\"divider_shadow_color\":\"#00000080\",\"divider_shadow_offset_x\":\"0\",\"divider_shadow_offset_y\":\"5\",\"divider_shape\":\"blob-2\",\"divider_width\":\"100\",\"id\":\"cta\",\"image_position\":\"center-center\",\"padding\":\"xlarge\",\"padding_custom_bottom\":\"70\",\"padding_custom_top\":\"70\",\"style\":\"secondary\",\"style_custom_color\":\"#9AE2C1\",\"title_breakpoint\":\"xl\",\"title_position\":\"top-left\",\"title_rotation\":\"left\",\"vertical_align\":\"middle\",\"width\":\"default\"},\"children\":[{\"type\":\"row\",\"props\":{\"column_gap\":\"large\",\"layout\":\"1-2,1-2\"},\"children\":[{\"type\":\"column\",\"props\":{\"image_position\":\"center-center\",\"position_sticky_breakpoint\":\"m\",\"vertical_align\":\"middle\",\"width_medium\":\"1-2\",\"widths\":[\"3-4\"]},\"children\":[{\"type\":\"image\",\"props\":{\"animation\":\"parallax\",\"css\":\".el-image { max-width: 40vw; }\",\"image\":\"wp-content\\\/uploads\\\/2024\\\/05\\\/Movil-casa.png\",\"image_svg_color\":\"emphasis\",\"image_width\":360,\"margin\":\"default\",\"parallax_easing\":\"1\",\"parallax_y\":\"0,-3vh\",\"position\":\"absolute\",\"position_bottom\":\"-150\",\"position_right\":\"50\",\"position_z_index\":\"2\",\"text_align\":\"center\",\"visibility\":\"l\"}}]},{\"type\":\"column\",\"props\":{\"image_position\":\"center-center\",\"order_first\":\"m\",\"position_sticky_breakpoint\":\"m\",\"width_medium\":\"1-2\"},\"children\":[{\"type\":\"headline\",\"props\":{\"content\":\"Si tens dubtes sobre qualsevol aspecte dels nostres cursos, consulta les preguntes freq\\u00fcents o escriu-nos\",\"position\":\"relative\",\"position_z_index\":\"3\",\"title_element\":\"h2\",\"title_style\":\"h2\"}}]}]}],\"name\":\"frase\"},{\"type\":\"section\",\"props\":{\"divider_height\":\"120\",\"divider_layers_gap\":\"5\",\"divider_layers_opacity\":\"0.5\",\"divider_position\":\"top\",\"divider_responsive\":true,\"divider_shadow_blur_radius\":\"5\",\"divider_shadow_color\":\"#00000080\",\"divider_shadow_offset_x\":\"0\",\"divider_shadow_offset_y\":\"5\",\"divider_width\":\"100\",\"djpopup\":{\"enabled\":true,\"close_icon\":\"close\",\"save_text\":\"\",\"save_link\":\"\",\"cancel_text\":\"\",\"heading_style\":\"h4\",\"repeat\":\"always\",\"direction\":\"top center\",\"overlay\":\"\",\"fullscreen\":false,\"width\":\"\",\"height\":\"0\",\"padding\":\"medium\",\"position_left\":\"\",\"position_right\":\"\",\"position_top\":\"20\",\"position_bottom\":\"\",\"save_style\":\"primary\",\"cancel_style\":\"danger\",\"triggers\":[{\"type\":\"on_click\",\"props\":{\"link\":\"#contratar-este-curso\",\"selector\":\"\",\"display_multiple\":true,\"name\":\"On Click\"}}],\"heading\":\"Deixa'ns les teves dades i et truquem tan aviat com sigui possible\",\"animation\":\"fade\"},\"id\":\"contratar-este-curso\",\"image_position\":\"center-center\",\"padding\":\"large\",\"padding_custom_bottom\":\"70\",\"padding_custom_top\":\"70\",\"panel_padding\":\"large\",\"panel_style\":\"card-secondary\",\"preserve_color\":false,\"style\":\"default\",\"style_custom_color\":\"#ccc\",\"title_breakpoint\":\"xl\",\"title_position\":\"top-left\",\"title_rotation\":\"left\",\"vertical_align\":\"middle\",\"width\":\"default\"},\"children\":[{\"type\":\"row\",\"children\":[{\"type\":\"column\",\"props\":{\"image_position\":\"center-center\",\"position_sticky_breakpoint\":\"m\",\"width_medium\":\"expand\"}},{\"type\":\"column\",\"props\":{\"image_position\":\"center-center\",\"position_sticky_breakpoint\":\"m\",\"width_medium\":\"large\"},\"children\":[{\"type\":\"text\",\"props\":{\"column_breakpoint\":\"m\",\"content\":\"\n\n<p>Tus datos se usar\\u00e1n \\u00fanica y exclusivamente para el tratamiento de tu solicitud, proponi\\u00e9ndote una cita telef\\u00f3nica <\\\/p>\",\"margin\":\"default\",\"text_style\":\"small\"}},{\"type\":\"html\",\"props\":{\"content\":\"[contact-form-7 id=\\\"94ebb27\\\" title=\\\"Formulario de contacto 1\\\"]\"}}]},{\"type\":\"column\",\"props\":{\"image_position\":\"center-center\",\"position_sticky_breakpoint\":\"m\",\"width_medium\":\"expand\"}}],\"props\":{\"layout\":\"expand,large,expand\",\"margin\":\"large\"}}],\"name\":\"popup contratar\"},{\"type\":\"section\",\"props\":{\"divider_height\":\"120\",\"divider_layers_gap\":\"5\",\"divider_layers_opacity\":\"0.5\",\"divider_position\":\"top\",\"divider_responsive\":true,\"divider_shadow_blur_radius\":\"5\",\"divider_shadow_color\":\"#00000080\",\"divider_shadow_offset_x\":\"0\",\"divider_shadow_offset_y\":\"5\",\"divider_width\":\"100\",\"djpopup\":{\"enabled\":true,\"close_icon\":\"close\",\"save_text\":\"\",\"save_link\":\"\",\"cancel_text\":\"\",\"heading_style\":\"h4\",\"repeat\":\"always\",\"direction\":\"top center\",\"overlay\":\"\",\"fullscreen\":false,\"width\":\"\",\"height\":\"0\",\"padding\":\"medium\",\"position_left\":\"\",\"position_right\":\"\",\"position_top\":\"20\",\"position_bottom\":\"\",\"save_style\":\"primary\",\"cancel_style\":\"danger\",\"triggers\":[{\"type\":\"on_click\",\"props\":{\"link\":\"#preguntar\",\"selector\":\"\",\"display_multiple\":true,\"name\":\"On Click\"}}],\"heading\":\"Resol els teus dubtes\",\"animation\":\"scale-up\"},\"id\":\"pregunta\",\"image_position\":\"center-center\",\"padding\":\"large\",\"padding_custom_bottom\":\"70\",\"padding_custom_top\":\"70\",\"panel_padding\":\"large\",\"panel_style\":\"card-secondary\",\"preserve_color\":false,\"style\":\"default\",\"style_custom_color\":\"#ccc\",\"title_breakpoint\":\"xl\",\"title_position\":\"top-left\",\"title_rotation\":\"left\",\"vertical_align\":\"middle\",\"width\":\"default\"},\"children\":[{\"type\":\"row\",\"children\":[{\"type\":\"column\",\"props\":{\"image_position\":\"center-center\",\"position_sticky_breakpoint\":\"m\",\"width_medium\":\"expand\"}},{\"type\":\"column\",\"props\":{\"image_position\":\"center-center\",\"position_sticky_breakpoint\":\"m\",\"width_medium\":\"large\"},\"children\":[{\"type\":\"html\",\"props\":{\"content\":\"[contact-form-7 id=\\\"55b9da8\\\" title=\\\"Contactar\\\"]\"}}]},{\"type\":\"column\",\"props\":{\"image_position\":\"center-center\",\"position_sticky_breakpoint\":\"m\",\"width_medium\":\"expand\"}}],\"props\":{\"id\":\"compartir-este-curso\",\"layout\":\"expand,large,expand\",\"margin\":\"large\"}}],\"name\":\"popup preguntar\"}],\"version\":\"4.3.13\"} --><\/p>\n","protected":false},"excerpt":{"rendered":"<p>EQUIP Logopedas titulades Sanit\u00e0ries en actiu Alba Badell Logopeda Neus Mart\u00ed Logopeda Alba Oliv\u00e9 Logopeda Ivet Clemente Logopeda &#8220;No hauriem de tenir por de que aquells que aprenguin de nosaltres siguin millors&#8221; \u2014 Ivet Clemente, logopeda Si tens dubtes sobre qualsevol aspecte dels nostres cursos, consulta les preguntes freq\u00fcents o escriu-nos Tus datos se usar\u00e1n [&hellip;]<\/p>\n","protected":false},"author":1,"featured_media":0,"parent":0,"menu_order":1,"comment_status":"closed","ping_status":"closed","template":"","meta":{"_acf_changed":false,"footnotes":""},"class_list":["post-3544","page","type-page","status-publish","hentry"],"acf":[],"yoast_head":"<!-- This site is optimized with the Yoast SEO plugin v26.2 - https:\/\/yoast.com\/wordpress\/plugins\/seo\/ -->\n<title>Equip - Stopdisfagia<\/title>\n<meta name=\"robots\" content=\"index, follow, max-snippet:-1, max-image-preview:large, max-video-preview:-1\" \/>\n<link rel=\"canonical\" href=\"https:\/\/stopdisfagia.com\/ca\/equip\/\" \/>\n<meta property=\"og:locale\" content=\"ca_ES\" \/>\n<meta property=\"og:type\" content=\"article\" \/>\n<meta property=\"og:title\" content=\"Equip - Stopdisfagia\" \/>\n<meta property=\"og:description\" content=\"EQUIP Logopedas titulades Sanit\u00e0ries en actiu Alba Badell Logopeda Neus Mart\u00ed Logopeda Alba Oliv\u00e9 Logopeda Ivet Clemente Logopeda &#8220;No hauriem de tenir por de que aquells que aprenguin de nosaltres siguin millors&#8221; \u2014 Ivet Clemente, logopeda Si tens dubtes sobre qualsevol aspecte dels nostres cursos, consulta les preguntes freq\u00fcents o escriu-nos Tus datos se usar\u00e1n [&hellip;]\" \/>\n<meta property=\"og:url\" content=\"https:\/\/stopdisfagia.com\/ca\/equip\/\" \/>\n<meta property=\"og:site_name\" content=\"Stopdisfagia\" \/>\n<meta property=\"article:modified_time\" content=\"2024-06-10T11:11:49+00:00\" \/>\n<meta name=\"twitter:card\" content=\"summary_large_image\" \/>\n<script type=\"application\/ld+json\" class=\"yoast-schema-graph\">{\"@context\":\"https:\/\/schema.org\",\"@graph\":[{\"@type\":\"WebPage\",\"@id\":\"https:\/\/stopdisfagia.com\/ca\/equip\/\",\"url\":\"https:\/\/stopdisfagia.com\/ca\/equip\/\",\"name\":\"Equip - Stopdisfagia\",\"isPartOf\":{\"@id\":\"https:\/\/stopdisfagia.com\/ca\/#website\"},\"datePublished\":\"2019-08-22T07:32:55+00:00\",\"dateModified\":\"2024-06-10T11:11:49+00:00\",\"breadcrumb\":{\"@id\":\"https:\/\/stopdisfagia.com\/ca\/equip\/#breadcrumb\"},\"inLanguage\":\"ca\",\"potentialAction\":[{\"@type\":\"ReadAction\",\"target\":[\"https:\/\/stopdisfagia.com\/ca\/equip\/\"]}]},{\"@type\":\"BreadcrumbList\",\"@id\":\"https:\/\/stopdisfagia.com\/ca\/equip\/#breadcrumb\",\"itemListElement\":[{\"@type\":\"ListItem\",\"position\":1,\"name\":\"Portada\",\"item\":\"https:\/\/stopdisfagia.com\/ca\/\"},{\"@type\":\"ListItem\",\"position\":2,\"name\":\"Equip\"}]},{\"@type\":\"WebSite\",\"@id\":\"https:\/\/stopdisfagia.com\/ca\/#website\",\"url\":\"https:\/\/stopdisfagia.com\/ca\/\",\"name\":\"Stopdisfagia\",\"description\":\"Formaci\u00f3n &amp; Consultor\u00eda\",\"publisher\":{\"@id\":\"https:\/\/stopdisfagia.com\/ca\/#organization\"},\"potentialAction\":[{\"@type\":\"SearchAction\",\"target\":{\"@type\":\"EntryPoint\",\"urlTemplate\":\"https:\/\/stopdisfagia.com\/ca\/?s={search_term_string}\"},\"query-input\":{\"@type\":\"PropertyValueSpecification\",\"valueRequired\":true,\"valueName\":\"search_term_string\"}}],\"inLanguage\":\"ca\"},{\"@type\":\"Organization\",\"@id\":\"https:\/\/stopdisfagia.com\/ca\/#organization\",\"name\":\"Stopdisfagia\",\"url\":\"https:\/\/stopdisfagia.com\/ca\/\",\"logo\":{\"@type\":\"ImageObject\",\"inLanguage\":\"ca\",\"@id\":\"https:\/\/stopdisfagia.com\/ca\/#\/schema\/logo\/image\/\",\"url\":\"http:\/\/stopdisfagia.com\/wp-content\/uploads\/2024\/05\/logo_stopdisfagia.png\",\"contentUrl\":\"http:\/\/stopdisfagia.com\/wp-content\/uploads\/2024\/05\/logo_stopdisfagia.png\",\"width\":2450,\"height\":829,\"caption\":\"Stopdisfagia\"},\"image\":{\"@id\":\"https:\/\/stopdisfagia.com\/ca\/#\/schema\/logo\/image\/\"}}]}<\/script>\n<!-- \/ Yoast SEO plugin. -->","yoast_head_json":{"title":"Equip - Stopdisfagia","robots":{"index":"index","follow":"follow","max-snippet":"max-snippet:-1","max-image-preview":"max-image-preview:large","max-video-preview":"max-video-preview:-1"},"canonical":"https:\/\/stopdisfagia.com\/ca\/equip\/","og_locale":"ca_ES","og_type":"article","og_title":"Equip - Stopdisfagia","og_description":"EQUIP Logopedas titulades Sanit\u00e0ries en actiu Alba Badell Logopeda Neus Mart\u00ed Logopeda Alba Oliv\u00e9 Logopeda Ivet Clemente Logopeda &#8220;No hauriem de tenir por de que aquells que aprenguin de nosaltres siguin millors&#8221; \u2014 Ivet Clemente, logopeda Si tens dubtes sobre qualsevol aspecte dels nostres cursos, consulta les preguntes freq\u00fcents o escriu-nos Tus datos se usar\u00e1n [&hellip;]","og_url":"https:\/\/stopdisfagia.com\/ca\/equip\/","og_site_name":"Stopdisfagia","article_modified_time":"2024-06-10T11:11:49+00:00","twitter_card":"summary_large_image","schema":{"@context":"https:\/\/schema.org","@graph":[{"@type":"WebPage","@id":"https:\/\/stopdisfagia.com\/ca\/equip\/","url":"https:\/\/stopdisfagia.com\/ca\/equip\/","name":"Equip - Stopdisfagia","isPartOf":{"@id":"https:\/\/stopdisfagia.com\/ca\/#website"},"datePublished":"2019-08-22T07:32:55+00:00","dateModified":"2024-06-10T11:11:49+00:00","breadcrumb":{"@id":"https:\/\/stopdisfagia.com\/ca\/equip\/#breadcrumb"},"inLanguage":"ca","potentialAction":[{"@type":"ReadAction","target":["https:\/\/stopdisfagia.com\/ca\/equip\/"]}]},{"@type":"BreadcrumbList","@id":"https:\/\/stopdisfagia.com\/ca\/equip\/#breadcrumb","itemListElement":[{"@type":"ListItem","position":1,"name":"Portada","item":"https:\/\/stopdisfagia.com\/ca\/"},{"@type":"ListItem","position":2,"name":"Equip"}]},{"@type":"WebSite","@id":"https:\/\/stopdisfagia.com\/ca\/#website","url":"https:\/\/stopdisfagia.com\/ca\/","name":"Stopdisfagia","description":"Formaci\u00f3n &amp; Consultor\u00eda","publisher":{"@id":"https:\/\/stopdisfagia.com\/ca\/#organization"},"potentialAction":[{"@type":"SearchAction","target":{"@type":"EntryPoint","urlTemplate":"https:\/\/stopdisfagia.com\/ca\/?s={search_term_string}"},"query-input":{"@type":"PropertyValueSpecification","valueRequired":true,"valueName":"search_term_string"}}],"inLanguage":"ca"},{"@type":"Organization","@id":"https:\/\/stopdisfagia.com\/ca\/#organization","name":"Stopdisfagia","url":"https:\/\/stopdisfagia.com\/ca\/","logo":{"@type":"ImageObject","inLanguage":"ca","@id":"https:\/\/stopdisfagia.com\/ca\/#\/schema\/logo\/image\/","url":"http:\/\/stopdisfagia.com\/wp-content\/uploads\/2024\/05\/logo_stopdisfagia.png","contentUrl":"http:\/\/stopdisfagia.com\/wp-content\/uploads\/2024\/05\/logo_stopdisfagia.png","width":2450,"height":829,"caption":"Stopdisfagia"},"image":{"@id":"https:\/\/stopdisfagia.com\/ca\/#\/schema\/logo\/image\/"}}]}},"_links":{"self":[{"href":"https:\/\/stopdisfagia.com\/ca\/wp-json\/wp\/v2\/pages\/3544","targetHints":{"allow":["GET"]}}],"collection":[{"href":"https:\/\/stopdisfagia.com\/ca\/wp-json\/wp\/v2\/pages"}],"about":[{"href":"https:\/\/stopdisfagia.com\/ca\/wp-json\/wp\/v2\/types\/page"}],"author":[{"embeddable":true,"href":"https:\/\/stopdisfagia.com\/ca\/wp-json\/wp\/v2\/users\/1"}],"replies":[{"embeddable":true,"href":"https:\/\/stopdisfagia.com\/ca\/wp-json\/wp\/v2\/comments?post=3544"}],"version-history":[{"count":0,"href":"https:\/\/stopdisfagia.com\/ca\/wp-json\/wp\/v2\/pages\/3544\/revisions"}],"wp:attachment":[{"href":"https:\/\/stopdisfagia.com\/ca\/wp-json\/wp\/v2\/media?parent=3544"}],"curies":[{"name":"wp","href":"https:\/\/api.w.org\/{rel}","templated":true}]}}