{"id":3562,"date":"2024-05-09T12:44:09","date_gmt":"2024-05-09T11:44:09","guid":{"rendered":"http:\/\/stopdisfagia.com\/?page_id=3562"},"modified":"2024-05-23T11:01:29","modified_gmt":"2024-05-23T10:01:29","slug":"neus-marti","status":"publish","type":"page","link":"https:\/\/stopdisfagia.com\/ca\/equip\/neus-marti\/","title":{"rendered":"Neus Mart\u00ed"},"content":{"rendered":"<h1>LOGOPEDA TITULADA<\/h1>\n<div>\n<h3>Neus Mart\u00ed<\/h3>\n<\/div>\n<div>\n<h3>Logopeda en actiu<\/h3>\n<\/div>\n<p><img decoding=\"async\" src=\"\/wp-content\/uploads\/2024\/03\/bottom-grafico_03-1.svg\" alt=\"\"><\/p>\n<div>\n<p dir=\"ltr\">S\u00f3c Logopeda, i treballo en hospital sociosanitari i en cl\u00ednica privada. En el meu dia a dia tracto persones amb disf\u00e0gia.<\/p>\n<blockquote>\n<p dir=\"ltr\">Els problemes de disf\u00e0gia van molt m\u00e9s enll\u00e0 de la dificultat d&#8217;hidratar-nos i nutrir-nos. Menjar i beure s\u00f3n actes socials i culturals, i quan hi ha una alteraci\u00f3 de la degluci\u00f3 les persones perceben a\u00efllament i baixa autoestima.<\/p>\n<\/blockquote>\n<p dir=\"ltr\">L&#8217;abordatge de la disf\u00e0gia -a m\u00e9s del seu diagn\u00f2stic i tractament- comporta l&#8217;acompanyament del pacient i els seus familiars. Aix\u00f2 \u00e9s alguna cosa que no hem d&#8217;oblidar per poder oferir una atenci\u00f3 completa.<\/p>\n<p dir=\"ltr\">A m\u00e9s del meu treball diari com a sanit\u00e0ria, no deixo de banda la tasca de seguir ampliant coneixements. Sempre m&#8217;ha agradat formar-me. Per a mi aprendre \u00e9s motivador, \u00e9s la meva gasolina per seguir millorant i ampliar punts de vista a l&#8217;hora d&#8217;atendre les persones d&#8217;una forma hol\u00edstica.<\/p>\n<p dir=\"ltr\">D&#8217;altra banda, tamb\u00e9 he realitzat formacions destinades al col\u00b7lectiu d&#8217;infermeria, medicina, TCAE i a nutricionistes. M&#8217;agrada compartir coneixements, estrat\u00e8gies, etc.<\/p>\n<blockquote>\n<p dir=\"ltr\">Compartint coneixements podem aportar des de cada disciplina el nostre granet de sorra per millorar el benestar i la qualitat de vida de les persones amb disf\u00e0gia.<\/p>\n<\/blockquote>\n<p dir=\"ltr\">\u00c9s per aquest motiu que estic en STOPDISFAGIA. Per compartir coneixements, resoldre dubtes i donar les estrat\u00e8gies necess\u00e0ries per detectar i tractar la disf\u00e0gia en pacients adults.<\/p>\n<\/div>\n<p>\n    <a href=\"https:\/\/stopdisfagia.com\/ca\/equip\/\">EQUIP<\/a>\n<\/p>\n<p><img decoding=\"async\" src=\"\/wp-content\/uploads\/2024\/05\/neus-web-12.jpg\" alt=\"Neus Mart\u00ed\"><br \/>\n<img decoding=\"async\" src=\"\/wp-content\/uploads\/2024\/03\/about-02.svg\" alt=\"\"><\/p>\n<h2>\n<p dir=\"ltr\">&#8220;Compartint coneixements podem aportar desde cada disciplina el nostre granet de sorra.&#8221;<\/p>\n<div><span style=\"font-size: 12pt; font-family: Roboto, sans-serif; color: #0d0d0d; background-color: transparent; font-variant-numeric: normal; font-variant-east-asian: normal; font-variant-alternates: normal; font-variant-position: normal; vertical-align: baseline; white-space-collapse: preserve;\">\u00a0<\/span><\/div>\n<\/h2>\n<p><img decoding=\"async\" src=\"\/wp-content\/uploads\/2024\/03\/persona-04.png\" alt=\"\"><\/p>\n<h2>Si tens dubtes sobre qualsevol aspecte dels nostres cursos, consulta les preguntes freq\u00fcents o escriu-nos<\/h2>\n<p>\n    <a href=\"#preguntar\">CONTACTE<\/a>\n<\/p>\n<div>\n<p class=\"wpcf7-contact-form-not-found\"><strong>Error:<\/strong> No s&#039;ha trobat el formulari de contacte.<\/p><\/div>\n<p><!--more--><br \/>\n<!-- {\"type\":\"layout\",\"children\":[{\"type\":\"section\",\"props\":{\"animation\":\"fade\",\"animation_delay\":false,\"divider_height\":\"120\",\"divider_layers_gap\":\"5\",\"divider_layers_opacity\":\"0.5\",\"divider_position\":\"top\",\"divider_responsive\":true,\"divider_shadow_blur_radius\":\"5\",\"divider_shadow_color\":\"#00000080\",\"divider_shadow_offset_x\":\"0\",\"divider_shadow_offset_y\":\"5\",\"divider_width\":\"100\",\"header_transparent\":true,\"header_transparent_text_color\":\"dark\",\"image_effect\":\"parallax\",\"image_parallax_bgy\":\"0,-600\",\"image_parallax_easing\":\"1\",\"image_position\":\"top-right\",\"padding\":\"large\",\"padding_custom_bottom\":\"70\",\"padding_custom_top\":\"70\",\"padding_remove_bottom\":true,\"style\":\"muted\",\"style_custom_color\":\"#ccc\",\"title_breakpoint\":\"xl\",\"title_position\":\"top-left\",\"title_rotation\":\"left\",\"vertical_align\":\"middle\",\"width\":\"default\"},\"children\":[{\"type\":\"row\",\"props\":{\"layout\":\"3-4,1-4\",\"margin\":\"xlarge\",\"margin_remove_bottom\":true},\"children\":[{\"type\":\"column\",\"props\":{\"image_position\":\"center-center\",\"position_sticky_breakpoint\":\"m\",\"width_small\":\"3-4\",\"widths\":[\"1-1\"]},\"children\":[{\"type\":\"headline\",\"props\":{\"content\":\"LOGOPEDA TITULADA\",\"margin\":\"small\",\"margin_remove_bottom\":false,\"position\":\"relative\",\"position_z_index\":\"3\",\"title_decoration\":\"bullet\",\"title_element\":\"h1\",\"title_font_family\":\"secondary\",\"title_style\":\"h5\"}},{\"type\":\"hd-flipcard\",\"props\":{\"3d_effect\":true,\"content\":\"\",\"content_back\":\"\",\"content_back_column_breakpoint\":\"m\",\"content_column_breakpoint\":\"m\",\"flip_animation\":\"up\",\"flip_mode\":\"hover\",\"flip_mode_touch\":\"tap\",\"icon_back_width\":80,\"icon_width\":80,\"image_align\":\"top\",\"image_back_align\":\"top\",\"image_back_grid_breakpoint\":\"m\",\"image_back_grid_width\":\"1-2\",\"image_back_svg_color\":\"emphasis\",\"image_grid_breakpoint\":\"m\",\"image_grid_width\":\"1-2\",\"image_svg_color\":\"emphasis\",\"link_back_size\":\"large\",\"link_back_style\":\"primary\",\"link_back_text\":\"\",\"link_style\":\"default\",\"link_text\":\"\",\"margin\":\"medium\",\"margin_remove_top\":true,\"meta_align\":\"below-title\",\"meta_back_align\":\"below-title\",\"meta_back_element\":\"div\",\"meta_back_style\":\"text-meta\",\"meta_element\":\"div\",\"meta_style\":\"text-meta\",\"title\":\"Neus Mart\\u00ed\",\"title_align\":\"top\",\"title_back\":\"Logopeda en actiu\",\"title_back_align\":\"top\",\"title_back_element\":\"h3\",\"title_back_grid_breakpoint\":\"m\",\"title_back_grid_width\":\"1-2\",\"title_back_hover_style\":\"reset\",\"title_back_style\":\"heading-small\",\"title_color\":\"background\",\"title_element\":\"h3\",\"title_grid_breakpoint\":\"m\",\"title_grid_width\":\"1-2\",\"title_style\":\"heading-small\"}},{\"type\":\"headline\",\"props\":{\"content\":\"Capacitaci\\u00f3n para la detecci\\u00f3n y el tratamiento de la Disfagia\",\"margin_remove_top\":true,\"position\":\"relative\",\"position_z_index\":\"3\",\"status\":\"disabled\",\"title_element\":\"h1\",\"title_style\":\"heading-small\"}}]},{\"type\":\"column\",\"props\":{\"image_position\":\"center-center\",\"position_sticky_breakpoint\":\"m\",\"width_small\":\"1-4\"},\"children\":[{\"type\":\"image\",\"props\":{\"animation\":\"parallax\",\"css\":\".el-image { max-width: 45vw; }\",\"image\":\"wp-content\\\/uploads\\\/2024\\\/03\\\/bottom-grafico_03-1.svg\",\"image_loading\":true,\"image_svg_color\":\"emphasis\",\"image_width\":960,\"margin\":\"default\",\"parallax_easing\":\"0.5\",\"parallax_y\":\"5vh,-7vh\",\"position\":\"absolute\",\"position_right\":\"-100\",\"position_top\":\"-10vh\",\"position_z_index\":\"0\",\"text_align\":\"right\"}}]}]},{\"type\":\"row\",\"children\":[{\"type\":\"column\",\"props\":{\"image_position\":\"center-center\",\"position_sticky_breakpoint\":\"m\",\"width_medium\":\"3-5\"},\"children\":[{\"type\":\"text\",\"props\":{\"column_breakpoint\":\"m\",\"content\":\"\n\n<p dir=\\\"ltr\\\">S\\u00f3c Logopeda, i treballo en hospital sociosanitari i en cl\\u00ednica privada. En el meu dia a dia tracto persones amb disf\\u00e0gia.<\\\/p>\\n\n\n<blockquote>\\n\n\n<p dir=\\\"ltr\\\">Els problemes de disf\\u00e0gia van molt m\\u00e9s enll\\u00e0 de la dificultat d'hidratar-nos i nutrir-nos. Menjar i beure s\\u00f3n actes socials i culturals, i quan hi ha una alteraci\\u00f3 de la degluci\\u00f3 les persones perceben a\\u00efllament i baixa autoestima.<\\\/p>\\n<\\\/blockquote>\\n\n\n<p dir=\\\"ltr\\\">L'abordatge de la disf\\u00e0gia -a m\\u00e9s del seu diagn\\u00f2stic i tractament- comporta l'acompanyament del pacient i els seus familiars. Aix\\u00f2 \\u00e9s alguna cosa que no hem d'oblidar per poder oferir una atenci\\u00f3 completa.<\\\/p>\\n\n\n<p dir=\\\"ltr\\\">A m\\u00e9s del meu treball diari com a sanit\\u00e0ria, no deixo de banda la tasca de seguir ampliant coneixements. Sempre m'ha agradat formar-me. Per a mi aprendre \\u00e9s motivador, \\u00e9s la meva gasolina per seguir millorant i ampliar punts de vista a l'hora d'atendre les persones d'una forma hol\\u00edstica.<\\\/p>\\n\n\n<p dir=\\\"ltr\\\">D'altra banda, tamb\\u00e9 he realitzat formacions destinades al col\\u00b7lectiu d'infermeria, medicina, TCAE i a nutricionistes. M'agrada compartir coneixements, estrat\\u00e8gies, etc.<\\\/p>\\n\n\n<blockquote>\\n\n\n<p dir=\\\"ltr\\\">Compartint coneixements podem aportar des de cada disciplina el nostre granet de sorra per millorar el benestar i la qualitat de vida de les persones amb disf\\u00e0gia.<\\\/p>\\n<\\\/blockquote>\\n\n\n<p dir=\\\"ltr\\\">\\u00c9s per aquest motiu que estic en STOPDISFAGIA. Per compartir coneixements, resoldre dubtes i donar les estrat\\u00e8gies necess\\u00e0ries per detectar i tractar la disf\\u00e0gia en pacients adults.<\\\/p>\",\"margin\":\"default\"}},{\"type\":\"button\",\"props\":{\"grid_column_gap\":\"small\",\"grid_row_gap\":\"small\",\"margin\":\"medium\"},\"children\":[{\"type\":\"button_item\",\"props\":{\"button_style\":\"primary\",\"content\":\"EQUIP\",\"icon\":\"triangle-left\",\"icon_align\":\"left\",\"link\":\"ca\\\/equip\\\/\"}}]}]},{\"type\":\"column\",\"props\":{\"image_position\":\"center-center\",\"position_sticky_breakpoint\":\"m\",\"width_medium\":\"2-5\"},\"children\":[{\"type\":\"image\",\"props\":{\"image\":\"wp-content\\\/uploads\\\/2024\\\/05\\\/neus-web-12.jpg\",\"image_alt\":\"Neus Mart\\u00ed\",\"image_border\":\"circle\",\"image_svg_color\":\"emphasis\",\"margin\":\"default\",\"position\":\"relative\",\"position_z_index\":\"3\"}}]}],\"props\":{\"layout\":\"3-5,2-5\"}},{\"type\":\"row\",\"props\":{\"layout\":\"1-3,2-3\",\"margin\":\"xlarge\"},\"children\":[{\"type\":\"column\",\"props\":{\"image_position\":\"center-center\",\"position_sticky_breakpoint\":\"m\",\"width_medium\":\"1-3\",\"widths\":[\"2-3\"]},\"children\":[{\"type\":\"image\",\"props\":{\"animation\":\"parallax\",\"css\":\".el-image { max-width: 30vw; }\",\"image\":\"wp-content\\\/uploads\\\/2024\\\/03\\\/about-02.svg\",\"image_svg_color\":\"emphasis\",\"image_width\":260,\"margin\":\"default\",\"parallax_blur\":\",53 82%\",\"parallax_easing\":\"1\",\"parallax_scale\":\",1.5 100%\",\"parallax_y\":\"5vh,-5vh\",\"position\":\"absolute\",\"position_bottom\":\"-120\",\"position_right\":\"34%\",\"text_align\":\"center\"}}]},{\"type\":\"column\",\"props\":{\"image_position\":\"center-center\",\"position_sticky_breakpoint\":\"m\",\"width_medium\":\"2-3\",\"widths\":[\"1-3\"]},\"children\":[{\"type\":\"headline\",\"props\":{\"content\":\"\n\n<p dir=\\\"ltr\\\">\\\"Compartint coneixements podem aportar desde cada disciplina el nostre granet de sorra.\\\"<\\\/p>\\n\n\n<div><span style=\\\"font-size: 12pt; font-family: Roboto, sans-serif; color: #0d0d0d; background-color: transparent; font-variant-numeric: normal; font-variant-east-asian: normal; font-variant-alternates: normal; font-variant-position: normal; vertical-align: baseline; white-space-collapse: preserve;\\\">\\u00a0<\\\/span><\\\/div>\",\"maxwidth\":\"2xlarge\",\"title_element\":\"h2\",\"title_style\":\"h1\"}}]}]},{\"type\":\"row\",\"children\":[{\"type\":\"column\",\"props\":{\"image_position\":\"center-center\",\"position_sticky_breakpoint\":\"m\"}}]}],\"name\":\"cabecera\"},{\"type\":\"section\",\"props\":{\"animation\":\"slide-bottom-small\",\"divider_color\":\"#F6F5F3\",\"divider_color_inherit_section\":true,\"divider_flip\":true,\"divider_height\":\"120\",\"divider_invert\":false,\"divider_layers_gap\":\"5\",\"divider_layers_opacity\":\"0.5\",\"divider_position\":\"top-outside\",\"divider_responsive\":true,\"divider_shadow_blur_radius\":\"5\",\"divider_shadow_color\":\"#00000080\",\"divider_shadow_offset_x\":\"0\",\"divider_shadow_offset_y\":\"5\",\"divider_shape\":\"blob-2\",\"divider_width\":\"100\",\"id\":\"cta\",\"image_position\":\"center-center\",\"padding\":\"xlarge\",\"padding_custom_bottom\":\"70\",\"padding_custom_top\":\"70\",\"style\":\"secondary\",\"style_custom_color\":\"#ccc\",\"title_breakpoint\":\"xl\",\"title_position\":\"top-left\",\"title_rotation\":\"left\",\"vertical_align\":\"middle\",\"width\":\"default\"},\"children\":[{\"type\":\"row\",\"props\":{\"column_gap\":\"large\",\"layout\":\"1-2,1-2\"},\"children\":[{\"type\":\"column\",\"props\":{\"image_position\":\"center-center\",\"position_sticky_breakpoint\":\"m\",\"vertical_align\":\"middle\",\"width_medium\":\"1-2\",\"widths\":[\"3-4\"]},\"children\":[{\"type\":\"image\",\"props\":{\"animation\":\"parallax\",\"css\":\".el-image { max-width: 40vw; }\",\"image\":\"wp-content\\\/uploads\\\/2024\\\/03\\\/persona-04.png\",\"image_svg_color\":\"emphasis\",\"image_width\":360,\"margin\":\"default\",\"parallax_easing\":\"1\",\"parallax_y\":\"0,-3vh\",\"position\":\"absolute\",\"position_bottom\":\"-150\",\"position_right\":\"50\",\"position_z_index\":\"2\",\"text_align\":\"center\",\"visibility\":\"l\"}}]},{\"type\":\"column\",\"props\":{\"image_position\":\"center-center\",\"order_first\":\"m\",\"position_sticky_breakpoint\":\"m\",\"width_medium\":\"1-2\"},\"children\":[{\"type\":\"headline\",\"props\":{\"content\":\"Si tens dubtes sobre qualsevol aspecte dels nostres cursos, consulta les preguntes freq\\u00fcents o escriu-nos\",\"position\":\"relative\",\"position_z_index\":\"3\",\"title_element\":\"h2\",\"title_style\":\"h2\"}},{\"type\":\"button\",\"props\":{\"grid_column_gap\":\"small\",\"grid_row_gap\":\"small\",\"margin\":\"default\"},\"children\":[{\"type\":\"button_item\",\"props\":{\"button_style\":\"primary\",\"content\":\"CONTACTE\",\"icon_align\":\"left\",\"link\":\"#preguntar\"}}]}]}]}],\"name\":\"Frase\"},{\"type\":\"section\",\"props\":{\"divider_height\":\"120\",\"divider_layers_gap\":\"5\",\"divider_layers_opacity\":\"0.5\",\"divider_position\":\"top\",\"divider_responsive\":true,\"divider_shadow_blur_radius\":\"5\",\"divider_shadow_color\":\"#00000080\",\"divider_shadow_offset_x\":\"0\",\"divider_shadow_offset_y\":\"5\",\"divider_width\":\"100\",\"djpopup\":{\"enabled\":true,\"close_icon\":\"close\",\"save_text\":\"\",\"save_link\":\"\",\"cancel_text\":\"\",\"heading_style\":\"h4\",\"repeat\":\"always\",\"direction\":\"top center\",\"overlay\":\"\",\"fullscreen\":false,\"width\":\"\",\"height\":\"0\",\"padding\":\"medium\",\"position_left\":\"\",\"position_right\":\"\",\"position_top\":\"20\",\"position_bottom\":\"\",\"save_style\":\"primary\",\"cancel_style\":\"danger\",\"triggers\":[{\"type\":\"on_click\",\"props\":{\"link\":\"#preguntar\",\"selector\":\"\",\"display_multiple\":true,\"name\":\"On Click\"}}],\"heading\":\"Resuelve tus dudas\",\"animation\":\"scale-up\"},\"id\":\"pregunta\",\"image_position\":\"center-center\",\"padding\":\"large\",\"padding_custom_bottom\":\"70\",\"padding_custom_top\":\"70\",\"panel_padding\":\"large\",\"panel_style\":\"card-secondary\",\"preserve_color\":false,\"style\":\"default\",\"style_custom_color\":\"#ccc\",\"title_breakpoint\":\"xl\",\"title_position\":\"top-left\",\"title_rotation\":\"left\",\"vertical_align\":\"middle\",\"width\":\"default\"},\"children\":[{\"type\":\"row\",\"children\":[{\"type\":\"column\",\"props\":{\"image_position\":\"center-center\",\"position_sticky_breakpoint\":\"m\",\"width_medium\":\"expand\"}},{\"type\":\"column\",\"props\":{\"image_position\":\"center-center\",\"position_sticky_breakpoint\":\"m\",\"width_medium\":\"large\"},\"children\":[{\"type\":\"html\",\"props\":{\"content\":\"[contact-form-7 id=\\\"55b9da8\\\" title=\\\"Contactar\\\"]\"}}]},{\"type\":\"column\",\"props\":{\"image_position\":\"center-center\",\"position_sticky_breakpoint\":\"m\",\"width_medium\":\"expand\"}}],\"props\":{\"id\":\"compartir-este-curso\",\"layout\":\"expand,large,expand\",\"margin\":\"large\"}}],\"name\":\"popup contactar\"}],\"version\":\"4.3.13\"} --><\/p>\n","protected":false},"excerpt":{"rendered":"<p>LOGOPEDA TITULADA Neus Mart\u00ed Logopeda en actiu S\u00f3c Logopeda, i treballo en hospital sociosanitari i en cl\u00ednica privada. En el meu dia a dia tracto persones amb disf\u00e0gia. Els problemes de disf\u00e0gia van molt m\u00e9s enll\u00e0 de la dificultat d&#8217;hidratar-nos i nutrir-nos. Menjar i beure s\u00f3n actes socials i culturals, i quan hi ha una [&hellip;]<\/p>\n","protected":false},"author":1,"featured_media":0,"parent":3544,"menu_order":1,"comment_status":"closed","ping_status":"closed","template":"","meta":{"_acf_changed":false,"footnotes":""},"class_list":["post-3562","page","type-page","status-publish","hentry"],"acf":[],"yoast_head":"<!-- This site is optimized with the Yoast SEO plugin v26.2 - https:\/\/yoast.com\/wordpress\/plugins\/seo\/ -->\n<title>Neus Mart\u00ed - Stopdisfagia<\/title>\n<meta name=\"robots\" content=\"index, follow, max-snippet:-1, max-image-preview:large, max-video-preview:-1\" \/>\n<link rel=\"canonical\" href=\"https:\/\/stopdisfagia.com\/ca\/equip\/neus-marti\/\" \/>\n<meta property=\"og:locale\" content=\"ca_ES\" \/>\n<meta property=\"og:type\" content=\"article\" \/>\n<meta property=\"og:title\" content=\"Neus Mart\u00ed - Stopdisfagia\" \/>\n<meta property=\"og:description\" content=\"LOGOPEDA TITULADA Neus Mart\u00ed Logopeda en actiu S\u00f3c Logopeda, i treballo en hospital sociosanitari i en cl\u00ednica privada. En el meu dia a dia tracto persones amb disf\u00e0gia. Els problemes de disf\u00e0gia van molt m\u00e9s enll\u00e0 de la dificultat d&#8217;hidratar-nos i nutrir-nos. Menjar i beure s\u00f3n actes socials i culturals, i quan hi ha una [&hellip;]\" \/>\n<meta property=\"og:url\" content=\"https:\/\/stopdisfagia.com\/ca\/equip\/neus-marti\/\" \/>\n<meta property=\"og:site_name\" content=\"Stopdisfagia\" \/>\n<meta property=\"article:modified_time\" content=\"2024-05-23T10:01:29+00:00\" \/>\n<meta name=\"twitter:card\" content=\"summary_large_image\" \/>\n<meta name=\"twitter:label1\" content=\"Temps estimat de lectura\" \/>\n\t<meta name=\"twitter:data1\" content=\"1 minut\" \/>\n<script type=\"application\/ld+json\" class=\"yoast-schema-graph\">{\"@context\":\"https:\/\/schema.org\",\"@graph\":[{\"@type\":\"WebPage\",\"@id\":\"https:\/\/stopdisfagia.com\/ca\/equip\/neus-marti\/\",\"url\":\"https:\/\/stopdisfagia.com\/ca\/equip\/neus-marti\/\",\"name\":\"Neus Mart\u00ed - Stopdisfagia\",\"isPartOf\":{\"@id\":\"https:\/\/stopdisfagia.com\/ca\/#website\"},\"datePublished\":\"2024-05-09T11:44:09+00:00\",\"dateModified\":\"2024-05-23T10:01:29+00:00\",\"breadcrumb\":{\"@id\":\"https:\/\/stopdisfagia.com\/ca\/equip\/neus-marti\/#breadcrumb\"},\"inLanguage\":\"ca\",\"potentialAction\":[{\"@type\":\"ReadAction\",\"target\":[\"https:\/\/stopdisfagia.com\/ca\/equip\/neus-marti\/\"]}]},{\"@type\":\"BreadcrumbList\",\"@id\":\"https:\/\/stopdisfagia.com\/ca\/equip\/neus-marti\/#breadcrumb\",\"itemListElement\":[{\"@type\":\"ListItem\",\"position\":1,\"name\":\"Portada\",\"item\":\"https:\/\/stopdisfagia.com\/ca\/\"},{\"@type\":\"ListItem\",\"position\":2,\"name\":\"Equip\",\"item\":\"https:\/\/stopdisfagia.com\/ca\/equip\/\"},{\"@type\":\"ListItem\",\"position\":3,\"name\":\"Neus Mart\u00ed\"}]},{\"@type\":\"WebSite\",\"@id\":\"https:\/\/stopdisfagia.com\/ca\/#website\",\"url\":\"https:\/\/stopdisfagia.com\/ca\/\",\"name\":\"Stopdisfagia\",\"description\":\"Formaci\u00f3n &amp; Consultor\u00eda\",\"publisher\":{\"@id\":\"https:\/\/stopdisfagia.com\/ca\/#organization\"},\"potentialAction\":[{\"@type\":\"SearchAction\",\"target\":{\"@type\":\"EntryPoint\",\"urlTemplate\":\"https:\/\/stopdisfagia.com\/ca\/?s={search_term_string}\"},\"query-input\":{\"@type\":\"PropertyValueSpecification\",\"valueRequired\":true,\"valueName\":\"search_term_string\"}}],\"inLanguage\":\"ca\"},{\"@type\":\"Organization\",\"@id\":\"https:\/\/stopdisfagia.com\/ca\/#organization\",\"name\":\"Stopdisfagia\",\"url\":\"https:\/\/stopdisfagia.com\/ca\/\",\"logo\":{\"@type\":\"ImageObject\",\"inLanguage\":\"ca\",\"@id\":\"https:\/\/stopdisfagia.com\/ca\/#\/schema\/logo\/image\/\",\"url\":\"http:\/\/stopdisfagia.com\/wp-content\/uploads\/2024\/05\/logo_stopdisfagia.png\",\"contentUrl\":\"http:\/\/stopdisfagia.com\/wp-content\/uploads\/2024\/05\/logo_stopdisfagia.png\",\"width\":2450,\"height\":829,\"caption\":\"Stopdisfagia\"},\"image\":{\"@id\":\"https:\/\/stopdisfagia.com\/ca\/#\/schema\/logo\/image\/\"}}]}<\/script>\n<!-- \/ Yoast SEO plugin. -->","yoast_head_json":{"title":"Neus Mart\u00ed - Stopdisfagia","robots":{"index":"index","follow":"follow","max-snippet":"max-snippet:-1","max-image-preview":"max-image-preview:large","max-video-preview":"max-video-preview:-1"},"canonical":"https:\/\/stopdisfagia.com\/ca\/equip\/neus-marti\/","og_locale":"ca_ES","og_type":"article","og_title":"Neus Mart\u00ed - Stopdisfagia","og_description":"LOGOPEDA TITULADA Neus Mart\u00ed Logopeda en actiu S\u00f3c Logopeda, i treballo en hospital sociosanitari i en cl\u00ednica privada. En el meu dia a dia tracto persones amb disf\u00e0gia. Els problemes de disf\u00e0gia van molt m\u00e9s enll\u00e0 de la dificultat d&#8217;hidratar-nos i nutrir-nos. Menjar i beure s\u00f3n actes socials i culturals, i quan hi ha una [&hellip;]","og_url":"https:\/\/stopdisfagia.com\/ca\/equip\/neus-marti\/","og_site_name":"Stopdisfagia","article_modified_time":"2024-05-23T10:01:29+00:00","twitter_card":"summary_large_image","twitter_misc":{"Temps estimat de lectura":"1 minut"},"schema":{"@context":"https:\/\/schema.org","@graph":[{"@type":"WebPage","@id":"https:\/\/stopdisfagia.com\/ca\/equip\/neus-marti\/","url":"https:\/\/stopdisfagia.com\/ca\/equip\/neus-marti\/","name":"Neus Mart\u00ed - Stopdisfagia","isPartOf":{"@id":"https:\/\/stopdisfagia.com\/ca\/#website"},"datePublished":"2024-05-09T11:44:09+00:00","dateModified":"2024-05-23T10:01:29+00:00","breadcrumb":{"@id":"https:\/\/stopdisfagia.com\/ca\/equip\/neus-marti\/#breadcrumb"},"inLanguage":"ca","potentialAction":[{"@type":"ReadAction","target":["https:\/\/stopdisfagia.com\/ca\/equip\/neus-marti\/"]}]},{"@type":"BreadcrumbList","@id":"https:\/\/stopdisfagia.com\/ca\/equip\/neus-marti\/#breadcrumb","itemListElement":[{"@type":"ListItem","position":1,"name":"Portada","item":"https:\/\/stopdisfagia.com\/ca\/"},{"@type":"ListItem","position":2,"name":"Equip","item":"https:\/\/stopdisfagia.com\/ca\/equip\/"},{"@type":"ListItem","position":3,"name":"Neus Mart\u00ed"}]},{"@type":"WebSite","@id":"https:\/\/stopdisfagia.com\/ca\/#website","url":"https:\/\/stopdisfagia.com\/ca\/","name":"Stopdisfagia","description":"Formaci\u00f3n &amp; Consultor\u00eda","publisher":{"@id":"https:\/\/stopdisfagia.com\/ca\/#organization"},"potentialAction":[{"@type":"SearchAction","target":{"@type":"EntryPoint","urlTemplate":"https:\/\/stopdisfagia.com\/ca\/?s={search_term_string}"},"query-input":{"@type":"PropertyValueSpecification","valueRequired":true,"valueName":"search_term_string"}}],"inLanguage":"ca"},{"@type":"Organization","@id":"https:\/\/stopdisfagia.com\/ca\/#organization","name":"Stopdisfagia","url":"https:\/\/stopdisfagia.com\/ca\/","logo":{"@type":"ImageObject","inLanguage":"ca","@id":"https:\/\/stopdisfagia.com\/ca\/#\/schema\/logo\/image\/","url":"http:\/\/stopdisfagia.com\/wp-content\/uploads\/2024\/05\/logo_stopdisfagia.png","contentUrl":"http:\/\/stopdisfagia.com\/wp-content\/uploads\/2024\/05\/logo_stopdisfagia.png","width":2450,"height":829,"caption":"Stopdisfagia"},"image":{"@id":"https:\/\/stopdisfagia.com\/ca\/#\/schema\/logo\/image\/"}}]}},"_links":{"self":[{"href":"https:\/\/stopdisfagia.com\/ca\/wp-json\/wp\/v2\/pages\/3562","targetHints":{"allow":["GET"]}}],"collection":[{"href":"https:\/\/stopdisfagia.com\/ca\/wp-json\/wp\/v2\/pages"}],"about":[{"href":"https:\/\/stopdisfagia.com\/ca\/wp-json\/wp\/v2\/types\/page"}],"author":[{"embeddable":true,"href":"https:\/\/stopdisfagia.com\/ca\/wp-json\/wp\/v2\/users\/1"}],"replies":[{"embeddable":true,"href":"https:\/\/stopdisfagia.com\/ca\/wp-json\/wp\/v2\/comments?post=3562"}],"version-history":[{"count":0,"href":"https:\/\/stopdisfagia.com\/ca\/wp-json\/wp\/v2\/pages\/3562\/revisions"}],"up":[{"embeddable":true,"href":"https:\/\/stopdisfagia.com\/ca\/wp-json\/wp\/v2\/pages\/3544"}],"wp:attachment":[{"href":"https:\/\/stopdisfagia.com\/ca\/wp-json\/wp\/v2\/media?parent=3562"}],"curies":[{"name":"wp","href":"https:\/\/api.w.org\/{rel}","templated":true}]}}